{"id":3,"date":"2023-10-25T10:07:30","date_gmt":"2023-10-25T10:07:30","guid":{"rendered":"https:\/\/vranicabl.com\/?page_id=3"},"modified":"2023-11-27T17:31:29","modified_gmt":"2023-11-27T17:31:29","slug":"reference-de-2","status":"publish","type":"page","link":"https:\/\/vranicabl.com\/de\/reference-de-2\/","title":{"rendered":""},"content":{"rendered":"<div data-elementor-type=\"wp-page\" data-elementor-id=\"3\" class=\"elementor elementor-3\" data-elementor-post-type=\"page\">\n\t\t\t\t\t\t<section class=\"elementor-section elementor-top-section elementor-element elementor-element-377ae47 elementor-section-full_width elementor-section-stretched elementor-section-height-default elementor-section-height-default\" data-id=\"377ae47\" data-element_type=\"section\" data-e-type=\"section\" data-settings=\"{&quot;background_background&quot;:&quot;classic&quot;,&quot;stretch_section&quot;:&quot;section-stretched&quot;}\">\n\t\t\t\t\t\t\t<div class=\"elementor-background-overlay\"><\/div>\n\t\t\t\t\t\t\t<div class=\"elementor-container elementor-column-gap-default\">\n\t\t\t\t\t<div class=\"elementor-column elementor-col-100 elementor-top-column elementor-element elementor-element-51a7d66\" data-id=\"51a7d66\" data-element_type=\"column\" data-e-type=\"column\">\n\t\t\t<div class=\"elementor-widget-wrap elementor-element-populated\">\n\t\t\t\t\t\t<div class=\"elementor-element elementor-element-5281466 elementor-widget elementor-widget-auntri_elementor_heading\" data-id=\"5281466\" data-element_type=\"widget\" data-e-type=\"widget\" data-widget_type=\"auntri_elementor_heading.default\">\n\t\t\t\t<div class=\"elementor-widget-container\">\n\t\t\t\t\t\n\t\t<div class=\"ova-title\">\n\n\t\t\t\t\t\t\t<h3 class=\"sub-title\">Unsere Auslandswerke<\/h3>\n\t\t\t\n\t\t\t\t\t\t\t\n\t\t\t\t\t\t\t\t\t<div class=\"box-title\">\n\t\t\t\t\t\t<div class=\"line-top\"><\/div>\n\t\t\t\t\n\t\t\t\t\t\n\t\t\t\t\t\t<h2 class=\"title\">Referenzen in Deutschland <\/h2>\n\n\t\t\t\t\t\n\t\t\t\t\t\t\t\t\t<\/div>\n\t\t\t\t\n\t\t\t\n\t\t\t\n\t\t<\/div>\n\t\t \t\n\t\t\t\t\t\t<\/div>\n\t\t\t\t<\/div>\n\t\t\t\t\t<\/div>\n\t\t<\/div>\n\t\t\t\t\t<\/div>\n\t\t<\/section>\n\t\t<div class=\"elementor-element elementor-element-3ad31bfa e-flex e-con-boxed e-con e-parent\" data-id=\"3ad31bfa\" data-element_type=\"container\" data-e-type=\"container\">\n\t\t\t\t\t<div class=\"e-con-inner\">\n\t\t\t\t<div class=\"elementor-element elementor-element-2a2f9b88 elementor-widget elementor-widget-text-editor\" data-id=\"2a2f9b88\" data-element_type=\"widget\" data-e-type=\"widget\" data-widget_type=\"text-editor.default\">\n\t\t\t\t<div class=\"elementor-widget-container\">\n\t\t\t\t\t\t\t\t\t\n<h2 class=\"wp-block-heading\">Rohbauarbeiten an dem Wohngeb\u00e4ude<\/h2>\n\n<ul>\n<li>Jorg H\u00fcbe Stra\u00dfe, M\u00fcnche, 2.800 m2<sup>2<\/sup>6 Monate, 490.000 Euro<\/li>\n<\/ul>\n\n<h2 class=\"wp-block-heading\">Rohbauarbeiten an dem Wohngeb\u00e4ude<\/h2>\n\n<ul>\n<li>Simensstra\u00dfe, Feldafing &#8211; 4.600 m<sup>2<\/sup>10 Monate, 770.000 Euro<\/li>\n<\/ul>\n\n<h2 class=\"wp-block-heading\">Rohbauarbeiten an dem \"Hotel Leonardo\"<\/h2>\n\n<ul>\n<li>Langenmantelstra\u00dfe, Augsburg &#8211; 15.500 m<sup>2<\/sup>13 Monate, 1.800.000 Euro<\/li>\n<\/ul>\n\n<h2 class=\"wp-block-heading\">Rohbauarbeiten an dem \" Neubau eines B\u00fcro- und Produktionsgeb\u00e4udes \"<\/h2>\n<ul>\n<li>Emmy-Noether-Stra\u00dfe, Dachau &#8211; 22.000 m<sup>2<\/sup>11 Monate, 1.500.000 Euro<\/li>\n<\/ul>\n\n<h2>Neubau eines Seniorenzentrums \"LongLeif SeniorenWohnen\"<\/h2>\n\n<ul>\n<li>Parkstra\u00dfe, Garmisch Partenkirchen, 2.800 m<sup>2<\/sup>8 Monate, 460.000 Euro<\/li>\n<\/ul>\n\n<h2 class=\"wp-block-heading\">Rohbauarbeiten an dem \"Neubau Wohnanlage mit Tiefgarage\"<\/h2>\n\n<ul>\n<li>Birkenstra\u00dfe West, Penzberg &#8211; 25.000 m<sup>2<\/sup>17 Monate, 2.400.000 Euro<\/li>\n<\/ul>\n\n<h2 class=\"wp-block-heading\">Sanierung und Umbau Carderie in Spinnerei<\/h2>\n\n<ul>\n<li>Wangen im Allg\u00e4u, &#8211; 6.200 m<sup>2<\/sup>10 Monate, 600.000 Euro<\/li>\n<\/ul>\n\n<p>\u00a0<\/p>\n\t\t\t\t\t\t\t\t<\/div>\n\t\t\t\t<\/div>\n\t\t\t\t\t<\/div>\n\t\t\t\t<\/div>\n\t\t\t\t<\/div>","protected":false},"excerpt":{"rendered":"<p>Na\u0161i ino radovi Reference u Njema\u010dkoj Grubi gra\u0111evinski radovi na Stambenom objektu Jorg H\u00fcbe Stra\u00dfe, M\u00fcnchen,\u00a02.800 m2, 6 mjeseci, 490.000 Eura Grubi gra\u0111evinski radovi na Stambenom objektu Simensstra\u00dfe, Feldafing &#8211; 4.600 m2, 10 mjeseci, 770.000 Eura Grubi gra\u0111evinski radovi na Hotelu Leonardo Langenmantelstra\u00dfe, Augsburg &#8211; 15.500 m2, 13 mjeseci, 1.800.000 Eura Grubi gra\u0111evinski radovi na [&hellip;]<\/p>\n","protected":false},"author":3,"featured_media":0,"parent":0,"menu_order":0,"comment_status":"closed","ping_status":"closed","template":"","meta":{"footnotes":""},"class_list":["post-3","page","type-page","status-publish","hentry"],"_links":{"self":[{"href":"https:\/\/vranicabl.com\/de\/wp-json\/wp\/v2\/pages\/3","targetHints":{"allow":["GET"]}}],"collection":[{"href":"https:\/\/vranicabl.com\/de\/wp-json\/wp\/v2\/pages"}],"about":[{"href":"https:\/\/vranicabl.com\/de\/wp-json\/wp\/v2\/types\/page"}],"author":[{"embeddable":true,"href":"https:\/\/vranicabl.com\/de\/wp-json\/wp\/v2\/users\/3"}],"replies":[{"embeddable":true,"href":"https:\/\/vranicabl.com\/de\/wp-json\/wp\/v2\/comments?post=3"}],"version-history":[{"count":26,"href":"https:\/\/vranicabl.com\/de\/wp-json\/wp\/v2\/pages\/3\/revisions"}],"predecessor-version":[{"id":9752,"href":"https:\/\/vranicabl.com\/de\/wp-json\/wp\/v2\/pages\/3\/revisions\/9752"}],"wp:attachment":[{"href":"https:\/\/vranicabl.com\/de\/wp-json\/wp\/v2\/media?parent=3"}],"curies":[{"name":"wp","href":"https:\/\/api.w.org\/{rel}","templated":true}]}}