{"id":3739,"date":"2022-09-21T03:52:00","date_gmt":"2022-09-21T03:52:00","guid":{"rendered":"https:\/\/demo.ovatheme.com\/auntri\/?page_id=3739"},"modified":"2023-11-27T17:03:01","modified_gmt":"2023-11-27T17:03:01","slug":"kadrovi-2","status":"publish","type":"page","link":"https:\/\/vranicabl.com\/de\/kadrovi-2\/","title":{"rendered":"Personal"},"content":{"rendered":"<div data-elementor-type=\"wp-page\" data-elementor-id=\"3739\" class=\"elementor elementor-3739\" data-elementor-post-type=\"page\">\n\t\t\t\t\t\t<section class=\"elementor-section elementor-top-section elementor-element elementor-element-36e083d elementor-section-boxed elementor-section-height-default elementor-section-height-default\" data-id=\"36e083d\" data-element_type=\"section\" data-e-type=\"section\" data-settings=\"{&quot;background_background&quot;:&quot;classic&quot;}\">\n\t\t\t\t\t\t\t<div class=\"elementor-background-overlay\"><\/div>\n\t\t\t\t\t\t\t<div class=\"elementor-container elementor-column-gap-default\">\n\t\t\t\t\t<div class=\"elementor-column elementor-col-100 elementor-top-column elementor-element elementor-element-f342ea7\" data-id=\"f342ea7\" data-element_type=\"column\" data-e-type=\"column\">\n\t\t\t<div class=\"elementor-widget-wrap elementor-element-populated\">\n\t\t\t\t\t\t<div class=\"elementor-element elementor-element-dbbe8e3 elementor-widget elementor-widget-auntri_elementor_heading\" data-id=\"dbbe8e3\" data-element_type=\"widget\" data-e-type=\"widget\" data-widget_type=\"auntri_elementor_heading.default\">\n\t\t\t\t<div class=\"elementor-widget-container\">\n\t\t\t\t\t\n\t\t<div class=\"ova-title\">\n\n\t\t\t\t\t\t\t<h3 class=\"sub-title\">unser Team<\/h3>\n\t\t\t\n\t\t\t\t\t\t\t\n\t\t\t\t\t\t\t\t\t<div class=\"box-title\">\n\t\t\t\t\t\t<div class=\"line-top\"><\/div>\n\t\t\t\t\n\t\t\t\t\t\n\t\t\t\t\t\t<h2 class=\"title\">Vranica Personal<\/h2>\n\n\t\t\t\t\t\n\t\t\t\t\t\t\t\t\t<\/div>\n\t\t\t\t\n\t\t\t\n\t\t\t\n\t\t<\/div>\n\t\t \t\n\t\t\t\t\t\t<\/div>\n\t\t\t\t<\/div>\n\t\t\t\t\t<\/div>\n\t\t<\/div>\n\t\t\t\t\t<\/div>\n\t\t<\/section>\n\t\t\t\t<section class=\"elementor-section elementor-top-section elementor-element elementor-element-bb4cb03 elementor-section-boxed elementor-section-height-default elementor-section-height-default\" data-id=\"bb4cb03\" data-element_type=\"section\" data-e-type=\"section\">\n\t\t\t\t\t\t<div class=\"elementor-container elementor-column-gap-no\">\n\t\t\t\t\t<div class=\"elementor-column elementor-col-50 elementor-top-column elementor-element elementor-element-5d7339d\" data-id=\"5d7339d\" data-element_type=\"column\" data-e-type=\"column\">\n\t\t\t<div class=\"elementor-widget-wrap elementor-element-populated\">\n\t\t\t\t\t\t<section class=\"elementor-section elementor-inner-section elementor-element elementor-element-c26bb02 elementor-section-boxed elementor-section-height-default elementor-section-height-default\" data-id=\"c26bb02\" data-element_type=\"section\" data-e-type=\"section\">\n\t\t\t\t\t\t<div class=\"elementor-container elementor-column-gap-no\">\n\t\t\t\t\t<div class=\"elementor-column elementor-col-50 elementor-inner-column elementor-element elementor-element-7b34ce6\" data-id=\"7b34ce6\" data-element_type=\"column\" data-e-type=\"column\">\n\t\t\t<div class=\"elementor-widget-wrap elementor-element-populated\">\n\t\t\t\t\t\t<div class=\"elementor-element elementor-element-8ef23c6 elementor-widget__width-auto elementor-widget elementor-widget-button\" data-id=\"8ef23c6\" data-element_type=\"widget\" data-e-type=\"widget\" data-widget_type=\"button.default\">\n\t\t\t\t<div class=\"elementor-widget-container\">\n\t\t\t\t\t\t\t\t\t<div class=\"elementor-button-wrapper\">\n\t\t\t\t\t<a class=\"elementor-button elementor-button-link elementor-size-sm\" href=\"#\">\n\t\t\t\t\t\t<span class=\"elementor-button-content-wrapper\">\n\t\t\t\t\t\t<span class=\"elementor-button-icon\">\n\t\t\t\t<i aria-hidden=\"true\" class=\"flaticon flaticon-right-arrow\"><\/i>\t\t\t<\/span>\n\t\t\t\t\t\t\t\t<\/span>\n\t\t\t\t\t<\/a>\n\t\t\t\t<\/div>\n\t\t\t\t\t\t\t\t<\/div>\n\t\t\t\t<\/div>\n\t\t\t\t\t<\/div>\n\t\t<\/div>\n\t\t\t\t<div class=\"elementor-column elementor-col-50 elementor-inner-column elementor-element elementor-element-75a58b0\" data-id=\"75a58b0\" data-element_type=\"column\" data-e-type=\"column\">\n\t\t\t<div class=\"elementor-widget-wrap elementor-element-populated\">\n\t\t\t\t\t\t<div class=\"elementor-element elementor-element-aba250a elementor-widget__width-auto elementor-widget elementor-widget-text-editor\" data-id=\"aba250a\" data-element_type=\"widget\" data-e-type=\"widget\" data-widget_type=\"text-editor.default\">\n\t\t\t\t<div class=\"elementor-widget-container\">\n\t\t\t\t\t\t\t\t\t<h5>In seiner f\u00fcnfzigj\u00e4hrigen Erfahrung hat das Bauunternehmen \u201eVranica\u201c eine gro\u00dfe Anzahl bedeutender Geb\u00e4ude im Land und auf der ganzen Welt gebaut.<\/h5>\t\t\t\t\t\t\t\t<\/div>\n\t\t\t\t<\/div>\n\t\t\t\t<div class=\"elementor-element elementor-element-89def2d elementor-widget elementor-widget-auntri_elementor_heading\" data-id=\"89def2d\" data-element_type=\"widget\" data-e-type=\"widget\" data-widget_type=\"auntri_elementor_heading.default\">\n\t\t\t\t<div class=\"elementor-widget-container\">\n\t\t\t\t\t\n\t\t<div class=\"ova-title\">\n\n\t\t\t\t\t\t\t<h3 class=\"sub-title\">Vranica Banja Luka<\/h3>\n\t\t\t\n\t\t\t\t\t\t\t\n\t\t\t\t\t\t\t\t\t<div class=\"box-title\">\n\t\t\t\t\t\t<div class=\"line-top\"><\/div>\n\t\t\t\t\n\t\t\t\t\t\n\t\t\t\t\t\t<h2 class=\"title\">Personal<\/h2>\n\n\t\t\t\t\t\n\t\t\t\t\t\t\t\t\t<\/div>\n\t\t\t\t\n\t\t\t\n\t\t\t\n\t\t<\/div>\n\t\t \t\n\t\t\t\t\t\t<\/div>\n\t\t\t\t<\/div>\n\t\t\t\t\t<\/div>\n\t\t<\/div>\n\t\t\t\t\t<\/div>\n\t\t<\/section>\n\t\t\t\t<div class=\"elementor-element elementor-element-48a4c52 elementor-widget elementor-widget-text-editor\" data-id=\"48a4c52\" data-element_type=\"widget\" data-e-type=\"widget\" data-widget_type=\"text-editor.default\">\n\t\t\t\t<div class=\"elementor-widget-container\">\n\t\t\t\t\t\t\t\t\t<div class=\"mcb-background-overlay\">Nach Ausbruch des Krieges in Bosnien und Herzegowina kam es aus objektiven Gr\u00fcnden zu einer teilweisen \u00c4nderung der Personalstruktur und einer Reduzierung der Mitarbeiterzahl. Nach der Privatisierung des Unternehmens wurde durch eine gezielte und fundierte Personalpolitik die Effizienz des Unternehmens durch Einbeziehung einer Vielzahl erfahrener und bew\u00e4hrter Ingenieure ,im besten Berufsalter (zwischen 30 und 45 Jahren) , mit reicher pers\u00f6nlicher Erfahrung im Bau von Kapitalgeb\u00e4uden und durch Einbeziehung einer gro\u00dfen Anzahl junger und ausreichend erfahrener qualifizierter Arbeitskraft gesteigert.<\/div><div class=\"section_wrapper mcb-section-inner mcb-section-inner-575192e57\"><div class=\"wrap mcb-wrap mcb-wrap-a36eff0d2 one tablet-one mobile-one valign-top clearfix\" data-desktop-col=\"one\" data-tablet-col=\"tablet-one\" data-mobile-col=\"mobile-one\"><div class=\"mcb-wrap-inner mcb-wrap-inner-a36eff0d2\"><div class=\"column mcb-column mcb-item-a93d00028 one tablet-one mobile-one column_column\"><div class=\"mcb-column-inner mcb-column-inner-a93d00028 mcb-item-column-inner\"><div class=\"column_attr mfn-inline-editor clearfix\">Zum Zeitpunkt der Privatisierung besch\u00e4ftigte das Unternehmen etwa 80 Mitarbeiter, derzeit besch\u00e4ftigt das Unternehmen etwa 140 Mitarbeiter.<\/div><\/div><\/div><\/div><\/div><\/div>\t\t\t\t\t\t\t\t<\/div>\n\t\t\t\t<\/div>\n\t\t\t\t\t<\/div>\n\t\t<\/div>\n\t\t\t\t<div class=\"elementor-column elementor-col-50 elementor-top-column elementor-element elementor-element-ef25d01\" data-id=\"ef25d01\" data-element_type=\"column\" data-e-type=\"column\">\n\t\t\t<div class=\"elementor-widget-wrap elementor-element-populated\">\n\t\t\t\t\t\t<div class=\"elementor-element elementor-element-dc178af elementor-widget elementor-widget-accordion\" data-id=\"dc178af\" data-element_type=\"widget\" data-e-type=\"widget\" data-widget_type=\"accordion.default\">\n\t\t\t\t<div class=\"elementor-widget-container\">\n\t\t\t\t\t\t\t<div class=\"elementor-accordion\">\n\t\t\t\t\t\t\t<div class=\"elementor-accordion-item\">\n\t\t\t\t\t<div id=\"elementor-tab-title-2301\" class=\"elementor-tab-title\" data-tab=\"1\" role=\"button\" aria-controls=\"elementor-tab-content-2301\" aria-expanded=\"false\">\n\t\t\t\t\t\t\t\t\t\t\t\t\t<span class=\"elementor-accordion-icon elementor-accordion-icon-right\" aria-hidden=\"true\">\n\t\t\t\t\t\t\t\t\t\t\t\t\t\t\t<span class=\"elementor-accordion-icon-closed\"><svg class=\"e-font-icon-svg e-fas-angle-right\" viewbox=\"0 0 256 512\" xmlns=\"http:\/\/www.w3.org\/2000\/svg\"><path d=\"M224.3 273l-136 136c-9.4 9.4-24.6 9.4-33.9 0l-22.6-22.6c-9.4-9.4-9.4-24.6 0-33.9l96.4-96.4-96.4-96.4c-9.4-9.4-9.4-24.6 0-33.9L54.3 103c9.4-9.4 24.6-9.4 33.9 0l136 136c9.5 9.4 9.5 24.6.1 34z\"><\/path><\/svg><\/span>\n\t\t\t\t\t\t\t\t<span class=\"elementor-accordion-icon-opened\"><svg class=\"e-font-icon-svg e-fas-angle-down\" viewbox=\"0 0 320 512\" xmlns=\"http:\/\/www.w3.org\/2000\/svg\"><path d=\"M143 352.3L7 216.3c-9.4-9.4-9.4-24.6 0-33.9l22.6-22.6c9.4-9.4 24.6-9.4 33.9 0l96.4 96.4 96.4-96.4c9.4-9.4 24.6-9.4 33.9 0l22.6 22.6c9.4 9.4 9.4 24.6 0 33.9l-136 136c-9.2 9.4-24.4 9.4-33.8 0z\"><\/path><\/svg><\/span>\n\t\t\t\t\t\t\t\t\t\t\t\t\t\t<\/span>\n\t\t\t\t\t\t\t\t\t\t\t\t<a class=\"elementor-accordion-title\" tabindex=\"0\">Personal<\/a>\n\t\t\t\t\t<\/div>\n\t\t\t\t\t<div id=\"elementor-tab-content-2301\" class=\"elementor-tab-content elementor-clearfix\" data-tab=\"1\" role=\"region\" aria-labelledby=\"elementor-tab-title-2301\"><h3>Technische Gruppe<\/h3><ul><li>1 Master-Ing. Bauingenieurwesen<\/li><li>3 Dipl.-Ing. Bauingenieurwesen<\/li><li>1 Dipl.-Ing. Architekturingenieurwesen<\/li><li>1 Bauingenieur<\/li><li>1 Verkehrsingenieur<\/li><li>6 Bautechniker<\/li><\/ul><h3>Verwaltungsgruppe<\/h3><ul><li>1 Diplom- Betriebswirt<\/li><li>1 Jurist<\/li><li>4 Betriebswirte<\/li><\/ul><h3>Produktionsmitarbeiter - qualifizierte und hochqualifizierte Arbeitskr\u00e4fte<\/h3><ul><li>4 qualifizierte Bauleiter<\/li><li>38 qualifizierte Einschaler<\/li><li>26 qualifizierte Maurer<\/li><li>14 qualifizierte Betonbieger<\/li><li>3 qualifizierte Isolierer<\/li><li>4 qualifizierte Kranf\u00fchrer<\/li><li>Betreiber von Baumaschinen<\/li><li>Mechaniker<\/li><li>Schlosser<\/li><li>Elektriker<\/li><li>Fahrer<\/li><\/ul><\/div>\n\t\t\t\t<\/div>\n\t\t\t\t\t\t\t\t<\/div>\n\t\t\t\t\t\t<\/div>\n\t\t\t\t<\/div>\n\t\t\t\t\t<\/div>\n\t\t<\/div>\n\t\t\t\t\t<\/div>\n\t\t<\/section>\n\t\t\t\t<\/div>","protected":false},"excerpt":{"rendered":"<p>Na\u0161a ekipa Vranica kadrovi Gra\u0111evinsko preduze\u0107e &#8222;Vranica&#8220; je u svom pedesetogodi\u0161njem iskustvu izvelo veliki broj zna\u010dajnih objekata u zemlji i svijetu. Vranica Banja Luka Kadrovi Po izbijanju ratnog sukoba u BiH, iz objektivnih razloga do\u0161lo je do djelimi\u010dne izmjene kadrovske strukture i smanjenja broja zaposlenih. Po izvr\u0161enoj privatizaciji preduze\u0107a, a vo\u0111enjem smi\u0161ljenje i zdrave kadrovske [&hellip;]<\/p>\n","protected":false},"author":3,"featured_media":0,"parent":0,"menu_order":0,"comment_status":"closed","ping_status":"closed","template":"elementor_header_footer","meta":{"footnotes":""},"class_list":["post-3739","page","type-page","status-publish","hentry"],"_links":{"self":[{"href":"https:\/\/vranicabl.com\/de\/wp-json\/wp\/v2\/pages\/3739","targetHints":{"allow":["GET"]}}],"collection":[{"href":"https:\/\/vranicabl.com\/de\/wp-json\/wp\/v2\/pages"}],"about":[{"href":"https:\/\/vranicabl.com\/de\/wp-json\/wp\/v2\/types\/page"}],"author":[{"embeddable":true,"href":"https:\/\/vranicabl.com\/de\/wp-json\/wp\/v2\/users\/3"}],"replies":[{"embeddable":true,"href":"https:\/\/vranicabl.com\/de\/wp-json\/wp\/v2\/comments?post=3739"}],"version-history":[{"count":20,"href":"https:\/\/vranicabl.com\/de\/wp-json\/wp\/v2\/pages\/3739\/revisions"}],"predecessor-version":[{"id":9532,"href":"https:\/\/vranicabl.com\/de\/wp-json\/wp\/v2\/pages\/3739\/revisions\/9532"}],"wp:attachment":[{"href":"https:\/\/vranicabl.com\/de\/wp-json\/wp\/v2\/media?parent=3739"}],"curies":[{"name":"wp","href":"https:\/\/api.w.org\/{rel}","templated":true}]}}