{"id":4295,"date":"2022-09-22T02:08:15","date_gmt":"2022-09-22T02:08:15","guid":{"rendered":"https:\/\/demo.ovatheme.com\/auntri\/?page_id=4295"},"modified":"2023-11-29T10:37:05","modified_gmt":"2023-11-29T09:37:05","slug":"licence","status":"publish","type":"page","link":"https:\/\/vranicabl.com\/de\/licence\/","title":{"rendered":"Lizenzen"},"content":{"rendered":"<div data-elementor-type=\"wp-page\" data-elementor-id=\"4295\" class=\"elementor elementor-4295\" data-elementor-post-type=\"page\">\n\t\t\t\t\t\t<section class=\"elementor-section elementor-top-section elementor-element elementor-element-f28820f elementor-section-boxed elementor-section-height-default elementor-section-height-default\" data-id=\"f28820f\" data-element_type=\"section\" data-e-type=\"section\" data-settings=\"{&quot;background_background&quot;:&quot;classic&quot;}\">\n\t\t\t\t\t\t\t<div class=\"elementor-background-overlay\"><\/div>\n\t\t\t\t\t\t\t<div class=\"elementor-container elementor-column-gap-default\">\n\t\t\t\t\t<div class=\"elementor-column elementor-col-100 elementor-top-column elementor-element elementor-element-59ea6ba\" data-id=\"59ea6ba\" data-element_type=\"column\" data-e-type=\"column\">\n\t\t\t<div class=\"elementor-widget-wrap elementor-element-populated\">\n\t\t\t\t\t\t<div class=\"elementor-element elementor-element-01a02b5 elementor-widget elementor-widget-auntri_elementor_heading\" data-id=\"01a02b5\" data-element_type=\"widget\" data-e-type=\"widget\" data-widget_type=\"auntri_elementor_heading.default\">\n\t\t\t\t<div class=\"elementor-widget-container\">\n\t\t\t\t\t\n\t\t<div class=\"ova-title\">\n\n\t\t\t\t\t\t\t<h3 class=\"sub-title\">Unsere Gesch\u00e4ftsfelder<\/h3>\n\t\t\t\n\t\t\t\t\t\t\t\n\t\t\t\t\t\t\t\t\t<div class=\"box-title\">\n\t\t\t\t\t\t<div class=\"line-top\"><\/div>\n\t\t\t\t\n\t\t\t\t\t\n\t\t\t\t\t\t<h2 class=\"title\">Vranica Lizenzen<\/h2>\n\n\t\t\t\t\t\n\t\t\t\t\t\t\t\t\t<\/div>\n\t\t\t\t\n\t\t\t\n\t\t\t\n\t\t<\/div>\n\t\t \t\n\t\t\t\t\t\t<\/div>\n\t\t\t\t<\/div>\n\t\t\t\t\t<\/div>\n\t\t<\/div>\n\t\t\t\t\t<\/div>\n\t\t<\/section>\n\t\t\t\t<section class=\"elementor-section elementor-top-section elementor-element elementor-element-14f54ed elementor-section-boxed elementor-section-height-default elementor-section-height-default\" data-id=\"14f54ed\" data-element_type=\"section\" data-e-type=\"section\">\n\t\t\t\t\t\t<div class=\"elementor-container elementor-column-gap-no\">\n\t\t\t\t\t<div class=\"elementor-column elementor-col-50 elementor-top-column elementor-element elementor-element-9ce96b5\" data-id=\"9ce96b5\" data-element_type=\"column\" data-e-type=\"column\">\n\t\t\t<div class=\"elementor-widget-wrap elementor-element-populated\">\n\t\t\t\t\t\t<div class=\"elementor-element elementor-element-e5e28ed elementor-widget elementor-widget-auntri_elementor_heading\" data-id=\"e5e28ed\" data-element_type=\"widget\" data-e-type=\"widget\" data-widget_type=\"auntri_elementor_heading.default\">\n\t\t\t\t<div class=\"elementor-widget-container\">\n\t\t\t\t\t\n\t\t<div class=\"ova-title\">\n\n\t\t\t\n\t\t\t\t\t\t\t\n\t\t\t\t\t\t\t\t\t<div class=\"box-title\">\n\t\t\t\t\t\t<div class=\"line-top\"><\/div>\n\t\t\t\t\n\t\t\t\t\t\n\t\t\t\t\t\t<h2 class=\"title\">Lizenzen<\/h2>\n\n\t\t\t\t\t\n\t\t\t\t\t\t\t\t\t<\/div>\n\t\t\t\t\n\t\t\t\n\t\t\t\n\t\t<\/div>\n\t\t \t\n\t\t\t\t\t\t<\/div>\n\t\t\t\t<\/div>\n\t\t\t\t<section class=\"elementor-section elementor-inner-section elementor-element elementor-element-c444697 elementor-section-boxed elementor-section-height-default elementor-section-height-default\" data-id=\"c444697\" data-element_type=\"section\" data-e-type=\"section\">\n\t\t\t\t\t\t<div class=\"elementor-container elementor-column-gap-no\">\n\t\t\t\t\t<div class=\"elementor-column elementor-col-50 elementor-inner-column elementor-element elementor-element-edea759\" data-id=\"edea759\" data-element_type=\"column\" data-e-type=\"column\">\n\t\t\t<div class=\"elementor-widget-wrap elementor-element-populated\">\n\t\t\t\t\t\t<div class=\"elementor-element elementor-element-f1c2f7b elementor-widget__width-auto elementor-widget elementor-widget-button\" data-id=\"f1c2f7b\" data-element_type=\"widget\" data-e-type=\"widget\" data-widget_type=\"button.default\">\n\t\t\t\t<div class=\"elementor-widget-container\">\n\t\t\t\t\t\t\t\t\t<div class=\"elementor-button-wrapper\">\n\t\t\t\t\t<a class=\"elementor-button elementor-button-link elementor-size-sm\" href=\"#\">\n\t\t\t\t\t\t<span class=\"elementor-button-content-wrapper\">\n\t\t\t\t\t\t<span class=\"elementor-button-icon\">\n\t\t\t\t<i aria-hidden=\"true\" class=\"flaticon flaticon-right-arrow\"><\/i>\t\t\t<\/span>\n\t\t\t\t\t\t\t\t<\/span>\n\t\t\t\t\t<\/a>\n\t\t\t\t<\/div>\n\t\t\t\t\t\t\t\t<\/div>\n\t\t\t\t<\/div>\n\t\t\t\t\t<\/div>\n\t\t<\/div>\n\t\t\t\t<div class=\"elementor-column elementor-col-50 elementor-inner-column elementor-element elementor-element-db4eef8\" data-id=\"db4eef8\" data-element_type=\"column\" data-e-type=\"column\">\n\t\t\t<div class=\"elementor-widget-wrap elementor-element-populated\">\n\t\t\t\t\t\t<div class=\"elementor-element elementor-element-b5099f3 elementor-widget__width-auto elementor-widget elementor-widget-text-editor\" data-id=\"b5099f3\" data-element_type=\"widget\" data-e-type=\"widget\" data-widget_type=\"text-editor.default\">\n\t\t\t\t<div class=\"elementor-widget-container\">\n\t\t\t\t\t\t\t\t\t<h5>Das Bauunternehmen \u201eVranica\u201c verf\u00fcgt \u00fcber alle erforderlichen Lizenzen.<\/h5>\t\t\t\t\t\t\t\t<\/div>\n\t\t\t\t<\/div>\n\t\t\t\t\t<\/div>\n\t\t<\/div>\n\t\t\t\t\t<\/div>\n\t\t<\/section>\n\t\t\t\t<div class=\"elementor-element elementor-element-59576a6 elementor-widget elementor-widget-text-editor\" data-id=\"59576a6\" data-element_type=\"widget\" data-e-type=\"widget\" data-widget_type=\"text-editor.default\">\n\t\t\t\t<div class=\"elementor-widget-container\">\n\t\t\t\t\t\t\t\t\t<p><strong>BAUEN<br \/><br \/><\/strong>Bauunternehmen \u201eVranica BL\u201c d.o.o. Banja Luka verf\u00fcgt \u00fcber eine Lizenz f\u00fcr den Bau von Hochh\u00e4usern, f\u00fcr die eine Genehmigung vom Ministerium erteilt wird, sowie f\u00fcr den Bau von Tiefbau- und Wasserbauanlagen, f\u00fcr die eine Genehmigung von der \u00f6rtlichen Selbstverwaltungseinheit erteilt wird, ausgestellt von das Ministerium f\u00fcr Raumplanung, Bauwesen und \u00d6kologie der Republika Srpska unter der Nummer PL-2761\/2021 vom 25.11. 2021.<br \/><br \/><\/p><p><strong>PROJEKTIEREN<br \/><br \/><\/strong>Bauunternehmen \u201eVranica BL\u201c d.o.o. Banja Luka verf\u00fcgt \u00fcber eine Lizenz f\u00fcr die Erstellung technischer Dokumentation \u2013 Architektur- und Konstruktionsphase \u2013 f\u00fcr von der \u00f6rtlichen Selbstverwaltungseinheit genehmigte Geb\u00e4ude, ausgestellt vom Ministerium f\u00fcr Raumplanung, Bauwesen und \u00d6kologie der Republika Srpska unter der Nummer PL-2928 \/2022 vom 19.05.2022.<\/p>\t\t\t\t\t\t\t\t<\/div>\n\t\t\t\t<\/div>\n\t\t\t\t\t<\/div>\n\t\t<\/div>\n\t\t\t\t<div class=\"elementor-column elementor-col-50 elementor-top-column elementor-element elementor-element-29278b8\" data-id=\"29278b8\" data-element_type=\"column\" data-e-type=\"column\">\n\t\t\t<div class=\"elementor-widget-wrap elementor-element-populated\">\n\t\t\t\t\t\t<div class=\"elementor-element elementor-element-64a9b82 elementor-widget elementor-widget-accordion\" data-id=\"64a9b82\" data-element_type=\"widget\" data-e-type=\"widget\" data-widget_type=\"accordion.default\">\n\t\t\t\t<div class=\"elementor-widget-container\">\n\t\t\t\t\t\t\t<div class=\"elementor-accordion\">\n\t\t\t\t\t\t\t<div class=\"elementor-accordion-item\">\n\t\t\t\t\t<div id=\"elementor-tab-title-1051\" class=\"elementor-tab-title\" data-tab=\"1\" role=\"button\" aria-controls=\"elementor-tab-content-1051\" aria-expanded=\"false\">\n\t\t\t\t\t\t\t\t\t\t\t\t\t<span class=\"elementor-accordion-icon elementor-accordion-icon-right\" aria-hidden=\"true\">\n\t\t\t\t\t\t\t\t\t\t\t\t\t\t\t<span class=\"elementor-accordion-icon-closed\"><svg class=\"e-font-icon-svg e-fas-angle-right\" viewbox=\"0 0 256 512\" xmlns=\"http:\/\/www.w3.org\/2000\/svg\"><path d=\"M224.3 273l-136 136c-9.4 9.4-24.6 9.4-33.9 0l-22.6-22.6c-9.4-9.4-9.4-24.6 0-33.9l96.4-96.4-96.4-96.4c-9.4-9.4-9.4-24.6 0-33.9L54.3 103c9.4-9.4 24.6-9.4 33.9 0l136 136c9.5 9.4 9.5 24.6.1 34z\"><\/path><\/svg><\/span>\n\t\t\t\t\t\t\t\t<span class=\"elementor-accordion-icon-opened\"><svg class=\"e-font-icon-svg e-fas-angle-down\" viewbox=\"0 0 320 512\" xmlns=\"http:\/\/www.w3.org\/2000\/svg\"><path d=\"M143 352.3L7 216.3c-9.4-9.4-9.4-24.6 0-33.9l22.6-22.6c9.4-9.4 24.6-9.4 33.9 0l96.4 96.4 96.4-96.4c9.4-9.4 24.6-9.4 33.9 0l22.6 22.6c9.4 9.4 9.4 24.6 0 33.9l-136 136c-9.2 9.4-24.4 9.4-33.8 0z\"><\/path><\/svg><\/span>\n\t\t\t\t\t\t\t\t\t\t\t\t\t\t<\/span>\n\t\t\t\t\t\t\t\t\t\t\t\t<a class=\"elementor-accordion-title\" tabindex=\"0\">Lizenzen<\/a>\n\t\t\t\t\t<\/div>\n\t\t\t\t\t<div id=\"elementor-tab-content-1051\" class=\"elementor-tab-content elementor-clearfix\" data-tab=\"1\" role=\"region\" aria-labelledby=\"elementor-tab-title-1051\"><p><strong>BAUEN<\/strong><\/p><p>Bauunternehmen \u201eVranica BL\u201c d.o.o. Banja Luka hat Lizenzen:<\/p><ul><li>f\u00fcr den Bau von Hochh\u00e4usern<\/li><li>f\u00fcr den Bau von Tiefbau- und Wasserbauanlagen\u00a0<\/li><\/ul><p>Sie k\u00f6nnen die Lizenz einsehen <strong><a href=\"https:\/\/vranicabl.com\/wp-content\/uploads\/2023\/11\/Licence-%E2%80%93-G.P.-Vranica-BL1.jpg\">hier.<\/a><\/strong><\/p><p><strong>PROJEKTIEREN<\/strong><\/p><p>Bauunternehmen \u201eVranica BL\u201c d.o.o. Banja Luka hat Lizenzen:<\/p><ul><li>Vorbereitung der technischen Dokumentation \u2013 Architektur- und Konstruktionsphase.<\/li><\/ul><p>Sie k\u00f6nnen die Lizenz einsehen <a href=\"https:\/\/vranicabl.com\/wp-content\/uploads\/2023\/11\/Licence-%E2%80%93-G.P.-Vranica-BL2.jpg\"><strong>hier.<\/strong><\/a><\/p><\/div>\n\t\t\t\t<\/div>\n\t\t\t\t\t\t\t\t<\/div>\n\t\t\t\t\t\t<\/div>\n\t\t\t\t<\/div>\n\t\t\t\t\t<\/div>\n\t\t<\/div>\n\t\t\t\t\t<\/div>\n\t\t<\/section>\n\t\t\t\t<\/div>","protected":false},"excerpt":{"rendered":"<p>Na\u0161e oblasti poslovanja Vranica Licence Licence Gra\u0111evinsko preduze\u0107e &#8222;Vranica&#8220;u svom vlasni\u0161tvu ima sve potrebne licence. GRA\u0110ENJE Gra\u0111evinsko preduze\u0107e &#8222;Vranica BL &#8220; d.o.o. Banja Luka posjeduje licencu za gra\u0111enje objekata visokogradnje za koje odobrenje izdaje Ministarstvo, te za gra\u0111enje objekata niskogradnje i hidrogradnje za koje odobrenje izdaje jedinica lokalne samouprave, izdate od Ministarstva za prostorno ure\u0111enje [&hellip;]<\/p>\n","protected":false},"author":3,"featured_media":0,"parent":0,"menu_order":0,"comment_status":"closed","ping_status":"closed","template":"elementor_header_footer","meta":{"footnotes":""},"class_list":["post-4295","page","type-page","status-publish","hentry"],"_links":{"self":[{"href":"https:\/\/vranicabl.com\/de\/wp-json\/wp\/v2\/pages\/4295","targetHints":{"allow":["GET"]}}],"collection":[{"href":"https:\/\/vranicabl.com\/de\/wp-json\/wp\/v2\/pages"}],"about":[{"href":"https:\/\/vranicabl.com\/de\/wp-json\/wp\/v2\/types\/page"}],"author":[{"embeddable":true,"href":"https:\/\/vranicabl.com\/de\/wp-json\/wp\/v2\/users\/3"}],"replies":[{"embeddable":true,"href":"https:\/\/vranicabl.com\/de\/wp-json\/wp\/v2\/comments?post=4295"}],"version-history":[{"count":30,"href":"https:\/\/vranicabl.com\/de\/wp-json\/wp\/v2\/pages\/4295\/revisions"}],"predecessor-version":[{"id":9958,"href":"https:\/\/vranicabl.com\/de\/wp-json\/wp\/v2\/pages\/4295\/revisions\/9958"}],"wp:attachment":[{"href":"https:\/\/vranicabl.com\/de\/wp-json\/wp\/v2\/media?parent=4295"}],"curies":[{"name":"wp","href":"https:\/\/api.w.org\/{rel}","templated":true}]}}