{"id":67,"date":"2022-09-07T02:49:31","date_gmt":"2022-09-07T02:49:31","guid":{"rendered":"https:\/\/demo.ovatheme.com\/auntri\/?page_id=67"},"modified":"2023-11-29T10:39:53","modified_gmt":"2023-11-29T09:39:53","slug":"istorijat-2","status":"publish","type":"page","link":"https:\/\/vranicabl.com\/de\/istorijat-2\/","title":{"rendered":"Istorijat2"},"content":{"rendered":"<div data-elementor-type=\"wp-page\" data-elementor-id=\"67\" class=\"elementor elementor-67\" data-elementor-post-type=\"page\">\n\t\t\t\t<div class=\"elementor-element elementor-element-49c954d e-flex e-con-boxed e-con e-parent\" data-id=\"49c954d\" data-element_type=\"container\" data-e-type=\"container\">\n\t\t\t\t\t<div class=\"e-con-inner\">\n\t\t<div class=\"elementor-element elementor-element-97afb9d e-con-full e-flex e-con e-child\" data-id=\"97afb9d\" data-element_type=\"container\" data-e-type=\"container\">\n\t\t\t\t<div class=\"elementor-element elementor-element-84bdd1a elementor-widget__width-auto elementor-widget-tablet__width-inherit elementor-widget elementor-widget-image\" data-id=\"84bdd1a\" data-element_type=\"widget\" data-e-type=\"widget\" data-widget_type=\"image.default\">\n\t\t\t\t<div class=\"elementor-widget-container\">\n\t\t\t\t\t\t\t\t\t\t\t\t\t\t\t<img fetchpriority=\"high\" decoding=\"async\" width=\"538\" height=\"546\" src=\"https:\/\/vranicabl.com\/wp-content\/uploads\/2023\/11\/vranica-sjediste.jpg\" class=\"attachment-full size-full wp-image-9030\" alt=\"\" srcset=\"https:\/\/vranicabl.com\/wp-content\/uploads\/2023\/11\/vranica-sjediste.jpg 538w, https:\/\/vranicabl.com\/wp-content\/uploads\/2023\/11\/vranica-sjediste-296x300.jpg 296w\" sizes=\"(max-width: 538px) 100vw, 538px\" \/>\t\t\t\t\t\t\t\t\t\t\t\t\t\t\t<\/div>\n\t\t\t\t<\/div>\n\t\t\t\t<\/div>\n\t\t<div class=\"elementor-element elementor-element-b4430c4 e-con-full e-flex e-con e-child\" data-id=\"b4430c4\" data-element_type=\"container\" data-e-type=\"container\">\n\t\t\t\t<div class=\"elementor-element elementor-element-72b9202 elementor-widget elementor-widget-heading\" data-id=\"72b9202\" data-element_type=\"widget\" data-e-type=\"widget\" data-widget_type=\"heading.default\">\n\t\t\t\t<div class=\"elementor-widget-container\">\n\t\t\t\t\t<h6 class=\"elementor-heading-title elementor-size-small\">75 Jahre lang pr\u00e4gten wir das Erscheinungsbild der gr\u00f6\u00dften St\u00e4dte, bauten Infrastruktur, Wohn-, Gesch\u00e4fts-, Hilfs- und Gesundheitseinrichtungen.<\/h6>\t\t\t\t<\/div>\n\t\t\t\t<\/div>\n\t\t\t\t<div class=\"elementor-element elementor-element-ab098b7 elementor-widget elementor-widget-auntri_elementor_heading\" data-id=\"ab098b7\" data-element_type=\"widget\" data-e-type=\"widget\" data-widget_type=\"auntri_elementor_heading.default\">\n\t\t\t\t<div class=\"elementor-widget-container\">\n\t\t\t\t\t\n\t\t<div class=\"ova-title\">\n\n\t\t\t\t\t\t\t<h3 class=\"sub-title\">Vranica<\/h3>\n\t\t\t\n\t\t\t\t\t\t\t\n\t\t\t\t\t\t\t\t\t<div class=\"box-title\">\n\t\t\t\t\t\t<div class=\"line-top\"><\/div>\n\t\t\t\t\n\t\t\t\t\t\n\t\t\t\t\t\t<h2 class=\"title\">Geschichte<\/h2>\n\n\t\t\t\t\t\n\t\t\t\t\t\t\t\t\t<\/div>\n\t\t\t\t\n\t\t\t\n\t\t\t\n\t\t<\/div>\n\t\t \t\n\t\t\t\t\t\t<\/div>\n\t\t\t\t<\/div>\n\t\t\t\t<div class=\"elementor-element elementor-element-43504bf elementor-widget elementor-widget-text-editor\" data-id=\"43504bf\" data-element_type=\"widget\" data-e-type=\"widget\" data-widget_type=\"text-editor.default\">\n\t\t\t\t<div class=\"elementor-widget-container\">\n\t\t\t\t\t\t\t\t\t<p>Wir wurden 1948 in Sarajevo gegr\u00fcndet.<br \/>Das Bauunternehmen \u201eVRANICA\u201c hatte mehrere Gesch\u00e4ftseinheiten in verschiedenen St\u00e4dten des ehemaligen Jugoslawiens: Sarajewo, Banja Luka, Mostar, Tuzla, Travnik, Osijek, Zagreb, sowie seine Vertretungen in der Welt: Deutschland, Russland, Irak, Libyen.<\/p><p>Das Bauunternehmen \u201eVRANICA\u201c besch\u00e4ftigte einst rund 6.000 Arbeiter.<\/p>\t\t\t\t\t\t\t\t<\/div>\n\t\t\t\t<\/div>\n\t\t\t\t<\/div>\n\t\t\t\t\t<\/div>\n\t\t\t\t<\/div>\n\t\t\t\t<\/div>","protected":false},"excerpt":{"rendered":"<p>75 godina &#8211; oblikovali smo izgled najve\u0107ih gradova, izgradili infrastrukturu, stambene poslovne, pomo\u0107ne i zdravstvenih objekte. Vranica Istorijat Osnovani smo 1948. godine u Sarajevu.Gra\u0111evinsko preduze\u0107e &#8222;Vranica&#8220; je u svom sastavu imalo vi\u0161e poslovnih jedinica u raznim gradovima biv\u0161e Jugoslavije: Sarajevo, Banja Luka, Mostar, Tuzla, Travnik, Osijek, Zagreb, kao i svoja predstavni\u0161tva u svijetu: Njem\u010dka, Rusija, [&hellip;]<\/p>\n","protected":false},"author":3,"featured_media":0,"parent":0,"menu_order":0,"comment_status":"closed","ping_status":"closed","template":"elementor_header_footer","meta":{"footnotes":""},"class_list":["post-67","page","type-page","status-publish","hentry"],"_links":{"self":[{"href":"https:\/\/vranicabl.com\/de\/wp-json\/wp\/v2\/pages\/67","targetHints":{"allow":["GET"]}}],"collection":[{"href":"https:\/\/vranicabl.com\/de\/wp-json\/wp\/v2\/pages"}],"about":[{"href":"https:\/\/vranicabl.com\/de\/wp-json\/wp\/v2\/types\/page"}],"author":[{"embeddable":true,"href":"https:\/\/vranicabl.com\/de\/wp-json\/wp\/v2\/users\/3"}],"replies":[{"embeddable":true,"href":"https:\/\/vranicabl.com\/de\/wp-json\/wp\/v2\/comments?post=67"}],"version-history":[{"count":180,"href":"https:\/\/vranicabl.com\/de\/wp-json\/wp\/v2\/pages\/67\/revisions"}],"predecessor-version":[{"id":9959,"href":"https:\/\/vranicabl.com\/de\/wp-json\/wp\/v2\/pages\/67\/revisions\/9959"}],"wp:attachment":[{"href":"https:\/\/vranicabl.com\/de\/wp-json\/wp\/v2\/media?parent=67"}],"curies":[{"name":"wp","href":"https:\/\/api.w.org\/{rel}","templated":true}]}}